{"id":3173,"date":"2024-10-24T10:44:16","date_gmt":"2024-10-24T08:44:16","guid":{"rendered":"https:\/\/nexogestion.com\/?page_id=3173"},"modified":"2025-07-02T13:23:03","modified_gmt":"2025-07-02T11:23:03","slug":"treballa-amb-nosaltres","status":"publish","type":"page","link":"https:\/\/nexogestion.com\/ca\/treballa-amb-nosaltres\/","title":{"rendered":"Treballa amb nosaltres"},"content":{"rendered":"<div class=\"fusion-fullwidth fullwidth-box fusion-builder-row-1 fusion-flex-container has-pattern-background nonhundred-percent-fullwidth non-hundred-percent-height-scrolling\" style=\"--link_hover_color: var(--awb-color5);--link_color: var(--awb-color4);--awb-border-radius-top-left:0px;--awb-border-radius-top-right:0px;--awb-border-radius-bottom-right:0px;--awb-border-radius-bottom-left:0px;--awb-padding-top:60px;--awb-padding-bottom:60px;--awb-background-color:hsla(var(--awb-color5-h),var(--awb-color5-s),calc(var(--awb-color5-l) + 48%),var(--awb-color5-a));--awb-flex-wrap:wrap;\" ><div class=\"awb-background-pattern\" style=\"background-image:  url(data:image\/svg+xml;utf8,%3Csvg%20width%3D%2280%22%20height%3D%22120%22%20fill%3D%22none%22%20xmlns%3D%22http%3A%2F%2Fwww.w3.org%2F2000%2Fsvg%22%3E%3Cg%20clip-path%3D%22url%28%23prefix__clip0_43_320%29%22%20fill%3D%22rgba%28255%2C255%2C255%2C1%29%22%3E%3Cpath%20d%3D%22M40%200L0%2030v30l40-30V0zm0%2030v30l40%2030V60L40%2030zM40-30V0l40%2030V0L40-30zm0%2090L0%2090v30l40-30V60zm0%2030v30l40%2030v-30L40%2090z%22%2F%3E%3C%2Fg%3E%3Cdefs%3E%3CclipPath%20id%3D%22prefix__clip0_43_320%22%3E%3Cpath%20fill%3D%22%23fff%22%20d%3D%22M0%200h80v120H0z%22%2F%3E%3C%2FclipPath%3E%3C%2Fdefs%3E%3C%2Fsvg%3E);opacity: 0.1 ;background-size:200%;\"><\/div><div class=\"fusion-builder-row fusion-row fusion-flex-align-items-flex-start fusion-flex-content-wrap\" style=\"max-width:calc( 1200px + 130px );margin-left: calc(-130px \/ 2 );margin-right: calc(-130px \/ 2 );\"><div class=\"fusion-layout-column fusion_builder_column fusion-builder-column-0 fusion-flex-column fusion-flex-align-self-center\" style=\"--awb-bg-size:cover;--awb-width-large:56%;--awb-margin-top-large:0px;--awb-spacing-right-large:65px;--awb-margin-bottom-large:0px;--awb-spacing-left-large:65px;--awb-width-medium:50%;--awb-order-medium:0;--awb-spacing-right-medium:65px;--awb-spacing-left-medium:65px;--awb-width-small:100%;--awb-order-small:2;--awb-margin-top-small:80px;--awb-spacing-right-small:65px;--awb-spacing-left-small:65px;\"><div class=\"fusion-column-wrapper fusion-column-has-shadow fusion-flex-justify-content-flex-start fusion-content-layout-column\"><div class=\"fusion-title title fusion-title-1 fusion-sep-none fusion-title-text fusion-title-size-two\" style=\"--awb-text-color:var(--awb-color8);--awb-margin-bottom:32px;--awb-margin-bottom-small:32px;\"><h2 class=\"fusion-title-heading title-heading-left\" style=\"margin:0;\"><div>\n<div class=\"WordSection1\">\n<div>Treballa amb nosaltres<\/div>\n<\/div>\n<\/div><\/h2><\/div><div class=\"fusion-text fusion-text-1 fusion-text-no-margin\" style=\"--awb-text-color:hsla(var(--awb-color8-h),var(--awb-color8-s),var(--awb-color8-l),calc(var(--awb-color8-a) - 25%));--awb-margin-right:16px;--awb-margin-bottom:40px;\"><p>A NEXOGESTI\u00d3N, fomentem una cultura de treball col\u00b7laborativa i innovadora, amb oportunitats de creixement professional en un ambient de respecte i diversitat. Treballar amb nosaltres implica ser part d&#8217;una comunitat compromesa amb l&#8217;excel\u00b7l\u00e8ncia, oferint programes de formaci\u00f3 cont\u00ednua i un equilibri entre vida laboral i personal.<\/p>\n<\/div><div class=\"fusion-builder-row fusion-builder-row-inner fusion-row fusion-flex-align-items-flex-start fusion-flex-content-wrap\" style=\"width:calc( 100% + 130px ) !important;max-width:calc( 100% + 130px ) !important;margin-left: calc(-130px \/ 2 );margin-right: calc(-130px \/ 2 );\"><div class=\"fusion-layout-column fusion_builder_column_inner fusion-builder-nested-column-0 fusion_builder_column_inner_1_2 1_2 fusion-flex-column\" style=\"--awb-padding-bottom-medium:24px;--awb-bg-size:cover;--awb-width-large:50%;--awb-margin-top-large:0px;--awb-spacing-right-large:0px;--awb-margin-bottom-large:0px;--awb-spacing-left-large:65px;--awb-width-medium:100%;--awb-order-medium:0;--awb-spacing-right-medium:0px;--awb-spacing-left-medium:65px;--awb-width-small:100%;--awb-order-small:0;--awb-spacing-right-small:65px;--awb-spacing-left-small:65px;\"><div class=\"fusion-column-wrapper fusion-column-has-shadow fusion-flex-justify-content-flex-start fusion-content-layout-column\"><div class=\"fusion-title title fusion-title-2 fusion-sep-none fusion-title-text fusion-title-size-five\" style=\"--awb-text-color:var(--awb-color8);--awb-margin-bottom:8px;\"><h5 class=\"fusion-title-heading title-heading-left\" style=\"margin:0;\">Proc\u00e9s de selecci\u00f3<\/h5><\/div><div class=\"fusion-text fusion-text-2\" style=\"--awb-font-size:var(--awb-typography5-font-size);--awb-line-height:var(--awb-typography5-line-height);--awb-letter-spacing:var(--awb-typography5-letter-spacing);--awb-text-transform:var(--awb-typography5-text-transform);--awb-text-color:hsla(var(--awb-color8-h),var(--awb-color8-s),var(--awb-color8-l),calc(var(--awb-color8-a) - 25%));--awb-text-font-family:var(--awb-typography5-font-family);--awb-text-font-weight:var(--awb-typography5-font-weight);--awb-text-font-style:var(--awb-typography5-font-style);\"><p>Per unir-te al nostre equip, envia el teu curr\u00edculum i una carta de motivaci\u00f3 a trav\u00e9s del nostre portal de treball. El proc\u00e9s inclou una revisi\u00f3 detallada de les sol\u00b7licituds i entrevistes per avaluar habilitats t\u00e8cniques i compatibilitat cultural, assegurant transpar\u00e8ncia i oferint feedback constructiu.<\/p>\n<\/div><\/div><\/div><div class=\"fusion-layout-column fusion_builder_column_inner fusion-builder-nested-column-1 fusion_builder_column_inner_1_2 1_2 fusion-flex-column\" style=\"--awb-padding-bottom:10px;--awb-padding-left:40px;--awb-bg-size:cover;--awb-border-color:hsla(var(--awb-color5-h),var(--awb-color5-s),var(--awb-color5-l),calc(var(--awb-color5-a) - 50%));--awb-border-top:0px;--awb-border-right:0px;--awb-border-bottom:0px;--awb-border-left:4px;--awb-border-style:solid;--awb-width-large:50%;--awb-margin-top-large:0px;--awb-spacing-right-large:65px;--awb-margin-bottom-large:0px;--awb-spacing-left-large:3px;--awb-width-medium:100%;--awb-order-medium:0;--awb-spacing-right-medium:65px;--awb-spacing-left-medium:60px;--awb-width-small:100%;--awb-order-small:0;--awb-spacing-right-small:65px;--awb-spacing-left-small:65px;\"><div class=\"fusion-column-wrapper fusion-column-has-shadow fusion-flex-justify-content-flex-start fusion-content-layout-column\"><div class=\"fusion-title title fusion-title-3 fusion-sep-none fusion-title-text fusion-title-size-five\" style=\"--awb-text-color:var(--awb-color8);--awb-margin-bottom:10px;\"><h5 class=\"fusion-title-heading title-heading-left\" style=\"margin:0;\"><p style=\"text-align: center;\">Per qu\u00e8 escollir-nos<\/p><\/h5><\/div><ul style=\"--awb-item-padding-top:8px;--awb-item-padding-bottom:8px;--awb-iconcolor:var(--awb-color4);--awb-textcolor:hsla(var(--awb-color8-h),var(--awb-color8-s),var(--awb-color8-l),calc(var(--awb-color8-a) - 25%));--awb-line-height:27.2px;--awb-icon-width:27.2px;--awb-icon-height:27.2px;--awb-icon-margin:11.2px;--awb-content-margin:38.4px;\" class=\"fusion-checklist fusion-checklist-1 type-icons\"><li class=\"fusion-li-item\" style=\"\"><span class=\"icon-wrapper circle-no\"><i class=\"fusion-li-icon fitness-check\" aria-hidden=\"true\"><\/i><\/span><div class=\"fusion-li-item-content\">\n<p style=\"text-align: left;\">Creixement professional<\/p>\n<\/div><\/li><li class=\"fusion-li-item\" style=\"\"><span class=\"icon-wrapper circle-no\"><i class=\"fusion-li-icon fitness-check\" aria-hidden=\"true\"><\/i><\/span><div class=\"fusion-li-item-content\">\n<p style=\"text-align: left;\">Cultura col\u00b7laborativa<\/p>\n<\/div><\/li><li class=\"fusion-li-item\" style=\"\"><span class=\"icon-wrapper circle-no\"><i class=\"fusion-li-icon fitness-check\" aria-hidden=\"true\"><\/i><\/span><div class=\"fusion-li-item-content\">\n<p style=\"text-align: left;\">Equilibri vida-laboral<\/p>\n<\/div><\/li><li class=\"fusion-li-item\" style=\"\"><span class=\"icon-wrapper circle-no\"><i class=\"fusion-li-icon fitness-check\" aria-hidden=\"true\"><\/i><\/span><div class=\"fusion-li-item-content\">\n<p style=\"text-align: left;\">Impacte real<\/p>\n<\/div><\/li><\/ul><\/div><\/div><\/div><div ><a class=\"fusion-button button-flat fusion-button-default-size button-custom fusion-button-default button-1 fusion-button-default-span fusion-button-default-type\" style=\"--button_accent_color:var(--awb-color1);--button_accent_hover_color:var(--awb-color1);--button_border_hover_color:var(--awb-color1);--button-border-radius-top-left:0px;--button-border-radius-top-right:0px;--button-border-radius-bottom-right:0px;--button-border-radius-bottom-left:0px;--button_gradient_top_color:var(--awb-color6);--button_gradient_bottom_color:var(--awb-color6);--button_gradient_top_color_hover:var(--awb-color4);--button_gradient_bottom_color_hover:var(--awb-color4);--button_text_transform:var(--awb-typography3-text-transform);--button_font_size:var(--awb-typography3-font-size);--button_line_height:var(--awb-typography3-line-height);--button_padding-top:24px;--button_padding-right:40px;--button_padding-bottom:26px;--button_padding-left:40px;--button_typography-letter-spacing:var(--awb-typography3-letter-spacing);--button_typography-font-family:var(--awb-typography3-font-family);--button_typography-font-weight:var(--awb-typography3-font-weight);--button_typography-font-style:var(--awb-typography3-font-style);--button_margin-top:40px;\" target=\"_self\" href=\"mailto:amadeu@nexogestion.com\"><span class=\"fusion-button-text\">envian&#8217;s el CV<\/span><\/a><\/div><\/div><\/div><div class=\"fusion-layout-column fusion_builder_column fusion-builder-column-1 fusion-flex-column fusion-animated\" style=\"--awb-padding-top:80px;--awb-padding-right:80px;--awb-padding-bottom:80px;--awb-bg-size:cover;--awb-width-large:44%;--awb-margin-top-large:30px;--awb-spacing-right-large:65px;--awb-margin-bottom-large:0px;--awb-spacing-left-large:65px;--awb-width-medium:50%;--awb-order-medium:0;--awb-spacing-right-medium:65px;--awb-spacing-left-medium:65px;--awb-width-small:100%;--awb-order-small:1;--awb-spacing-right-small:65px;--awb-spacing-left-small:65px;\" data-animationType=\"fadeInRight\" data-animationDuration=\"1.6\" data-animationOffset=\"top-into-view\" data-motion-effects=\"[{&quot;type&quot;:&quot;&quot;,&quot;scroll_type&quot;:&quot;transition&quot;,&quot;scroll_direction&quot;:&quot;up&quot;,&quot;transition_speed&quot;:&quot;1&quot;,&quot;fade_type&quot;:&quot;in&quot;,&quot;scale_type&quot;:&quot;up&quot;,&quot;initial_scale&quot;:&quot;1&quot;,&quot;max_scale&quot;:&quot;1.5&quot;,&quot;min_scale&quot;:&quot;0.5&quot;,&quot;initial_rotate&quot;:&quot;0&quot;,&quot;end_rotate&quot;:&quot;30&quot;,&quot;initial_blur&quot;:&quot;0&quot;,&quot;end_blur&quot;:&quot;3&quot;,&quot;start_element&quot;:&quot;top&quot;,&quot;start_viewport&quot;:&quot;bottom&quot;,&quot;end_element&quot;:&quot;bottom&quot;,&quot;end_viewport&quot;:&quot;top&quot;,&quot;mouse_effect&quot;:&quot;track&quot;,&quot;mouse_effect_direction&quot;:&quot;opposite&quot;,&quot;mouse_effect_speed&quot;:&quot;2&quot;,&quot;infinite_animation&quot;:&quot;float&quot;,&quot;infinite_animation_speed&quot;:&quot;2&quot;}]\" data-scroll-devices=\"small-visibility,medium-visibility,large-visibility\"><div class=\"fusion-column-wrapper fusion-column-has-shadow fusion-flex-justify-content-flex-start fusion-content-layout-column\"><div class=\"fusion-builder-row fusion-builder-row-inner fusion-row fusion-flex-align-items-flex-start fusion-flex-content-wrap\" style=\"width:calc( 100% + 130px ) !important;max-width:calc( 100% + 130px ) !important;margin-left: calc(-130px \/ 2 );margin-right: calc(-130px \/ 2 );\"><div class=\"fusion-layout-column fusion_builder_column_inner fusion-builder-nested-column-2 fusion_builder_column_inner_1_1 1_1 fusion-flex-column\" style=\"--awb-bg-size:cover;--awb-width-large:100%;--awb-margin-top-large:0px;--awb-spacing-right-large:65px;--awb-margin-bottom-large:0px;--awb-spacing-left-large:65px;--awb-width-medium:100%;--awb-order-medium:0;--awb-spacing-right-medium:65px;--awb-spacing-left-medium:65px;--awb-width-small:100%;--awb-order-small:0;--awb-spacing-right-small:65px;--awb-spacing-left-small:65px;\"><div class=\"fusion-column-wrapper fusion-column-has-shadow fusion-flex-justify-content-flex-start fusion-content-layout-column\"><div class=\"fusion-image-element \" style=\"--awb-aspect-ratio: 100 \/ 103;--awb-object-position:24% 47%;--awb-margin-left:-48px;--awb-caption-title-font-family:var(--h2_typography-font-family);--awb-caption-title-font-weight:var(--h2_typography-font-weight);--awb-caption-title-font-style:var(--h2_typography-font-style);--awb-caption-title-size:var(--h2_typography-font-size);--awb-caption-title-transform:var(--h2_typography-text-transform);--awb-caption-title-line-height:var(--h2_typography-line-height);--awb-caption-title-letter-spacing:var(--h2_typography-letter-spacing);\"><span class=\" fusion-imageframe imageframe-none imageframe-1 hover-type-none has-aspect-ratio\" style=\"border:1px solid var(--awb-color3);border-radius:14px;\"><img decoding=\"async\" width=\"300\" height=\"200\" alt=\"fer funcionar la teva pime\" title=\"pedres en equilibri\" src=\"https:\/\/nexogestion.com\/wp-content\/uploads\/2024\/01\/blog_05-300x200.webp\" class=\"img-responsive wp-image-2529 img-with-aspect-ratio\" srcset=\"https:\/\/nexogestion.com\/wp-content\/uploads\/2024\/01\/blog_05-200x133.webp 200w, https:\/\/nexogestion.com\/wp-content\/uploads\/2024\/01\/blog_05-300x200.webp 300w, https:\/\/nexogestion.com\/wp-content\/uploads\/2024\/01\/blog_05-400x267.webp 400w, https:\/\/nexogestion.com\/wp-content\/uploads\/2024\/01\/blog_05-600x400.webp 600w, https:\/\/nexogestion.com\/wp-content\/uploads\/2024\/01\/blog_05-768x512.webp 768w, https:\/\/nexogestion.com\/wp-content\/uploads\/2024\/01\/blog_05-800x533.webp 800w, https:\/\/nexogestion.com\/wp-content\/uploads\/2024\/01\/blog_05-1024x683.webp 1024w, https:\/\/nexogestion.com\/wp-content\/uploads\/2024\/01\/blog_05-1200x800.webp 1200w, https:\/\/nexogestion.com\/wp-content\/uploads\/2024\/01\/blog_05-1536x1024.webp 1536w\" sizes=\"(max-width: 640px) 100vw, 1200px\" \/><\/span><\/div><\/div><\/div><\/div><\/div><\/div><\/div><\/div>\n","protected":false},"excerpt":{"rendered":"","protected":false},"author":1,"featured_media":0,"parent":0,"menu_order":12,"comment_status":"closed","ping_status":"closed","template":"100-width.php","meta":{"footnotes":""},"class_list":["post-3173","page","type-page","status-publish","hentry"],"_links":{"self":[{"href":"https:\/\/nexogestion.com\/ca\/wp-json\/wp\/v2\/pages\/3173"}],"collection":[{"href":"https:\/\/nexogestion.com\/ca\/wp-json\/wp\/v2\/pages"}],"about":[{"href":"https:\/\/nexogestion.com\/ca\/wp-json\/wp\/v2\/types\/page"}],"author":[{"embeddable":true,"href":"https:\/\/nexogestion.com\/ca\/wp-json\/wp\/v2\/users\/1"}],"replies":[{"embeddable":true,"href":"https:\/\/nexogestion.com\/ca\/wp-json\/wp\/v2\/comments?post=3173"}],"version-history":[{"count":6,"href":"https:\/\/nexogestion.com\/ca\/wp-json\/wp\/v2\/pages\/3173\/revisions"}],"predecessor-version":[{"id":3407,"href":"https:\/\/nexogestion.com\/ca\/wp-json\/wp\/v2\/pages\/3173\/revisions\/3407"}],"wp:attachment":[{"href":"https:\/\/nexogestion.com\/ca\/wp-json\/wp\/v2\/media?parent=3173"}],"curies":[{"name":"wp","href":"https:\/\/api.w.org\/{rel}","templated":true}]}}